{"id":34,"date":"2015-04-09T13:19:36","date_gmt":"2015-04-09T11:19:36","guid":{"rendered":"http:\/\/novy.jazzpiestany.sk\/?page_id=34"},"modified":"2015-04-10T13:42:09","modified_gmt":"2015-04-10T11:42:09","slug":"uvod","status":"publish","type":"page","link":"http:\/\/www.jazzpiestany.sk\/?page_id=34","title":{"rendered":"\u00daVOD"},"content":{"rendered":"<p style=\"text-align: justify;\">28. febru\u00e1ra 2007 bola zalo\u017een\u00e1 neziskov\u00e1 organiz\u00e1cia s n\u00e1zvom International jazz Pie\u0161\u0165any za \u00fa\u010delom pr\u00edpravy, organiz\u00e1cie a usporad\u00favania podujat\u00ed rovnomenn\u00e9ho projektu, organiz\u00e1cie medzin\u00e1rodn\u00e9ho d\u017eezov\u00e9ho Festivalu Doda \u0160o\u0161oku a podpory ostatn\u00fdch aktiv\u00edt spojen\u00fdch s rozvojom a ochranou duchovn\u00fdch a kult\u00farnych hodn\u00f4t. Zakladate\u013emi tejto organiz\u00e1cie s\u00fa Jozef \u0160o\u0161oka, Ing. Viktor Ni\u017e\u0148ansk\u00fd, PhD. a Milan Bin\u010d\u00edk.<br \/>\nOd za\u010diatku p\u00f4sobenia tejto organiz\u00e1cie do\u0161lo postupne k nieko\u013ek\u00fdm zmen\u00e1m v organiza\u010dnej \u0161trukt\u00fare a taktie\u017e k zmene p\u00f4sobiska. \u010cinnos\u0165 projektu International jazz Pie\u0161\u0165any sa v s\u00fa\u010dasnosti s\u00fastre\u010fuje v priestoroch Kuralonu, ktor\u00fd je okrem in\u00e9ho dejiskom koncertov hudobn\u00fdch skup\u00edn z Pie\u0161\u0165an a okolia, ako aj neform\u00e1lnych stretnut\u00ed hudobn\u00edkov \u2013 Jam Session.<\/p>\n","protected":false},"excerpt":{"rendered":"<p>28. febru\u00e1ra 2007 bola zalo\u017een\u00e1 neziskov\u00e1 organiz\u00e1cia s n\u00e1zvom International jazz Pie\u0161\u0165any za \u00fa\u010delom pr\u00edpravy, organiz\u00e1cie a usporad\u00favania podujat\u00ed rovnomenn\u00e9ho projektu, organiz\u00e1cie medzin\u00e1rodn\u00e9ho d\u017eezov\u00e9ho Festivalu Doda \u0160o\u0161oku a podpory ostatn\u00fdch aktiv\u00edt spojen\u00fdch s rozvojom a ochranou duchovn\u00fdch a kult\u00farnych hodn\u00f4t&#8230;.<br \/><a class=\"read-more-button\" href=\"http:\/\/www.jazzpiestany.sk\/?page_id=34\">Read more<\/a><\/p>\n","protected":false},"author":1,"featured_media":0,"parent":0,"menu_order":0,"comment_status":"closed","ping_status":"open","template":"","meta":{"ngg_post_thumbnail":0,"_s2mail":""},"_links":{"self":[{"href":"http:\/\/www.jazzpiestany.sk\/index.php?rest_route=\/wp\/v2\/pages\/34"}],"collection":[{"href":"http:\/\/www.jazzpiestany.sk\/index.php?rest_route=\/wp\/v2\/pages"}],"about":[{"href":"http:\/\/www.jazzpiestany.sk\/index.php?rest_route=\/wp\/v2\/types\/page"}],"author":[{"embeddable":true,"href":"http:\/\/www.jazzpiestany.sk\/index.php?rest_route=\/wp\/v2\/users\/1"}],"replies":[{"embeddable":true,"href":"http:\/\/www.jazzpiestany.sk\/index.php?rest_route=%2Fwp%2Fv2%2Fcomments&post=34"}],"version-history":[{"count":2,"href":"http:\/\/www.jazzpiestany.sk\/index.php?rest_route=\/wp\/v2\/pages\/34\/revisions"}],"predecessor-version":[{"id":121,"href":"http:\/\/www.jazzpiestany.sk\/index.php?rest_route=\/wp\/v2\/pages\/34\/revisions\/121"}],"wp:attachment":[{"href":"http:\/\/www.jazzpiestany.sk\/index.php?rest_route=%2Fwp%2Fv2%2Fmedia&parent=34"}],"curies":[{"name":"wp","href":"https:\/\/api.w.org\/{rel}","templated":true}]}}