{"id":51,"date":"2015-04-09T13:40:37","date_gmt":"2015-04-09T11:40:37","guid":{"rendered":"http:\/\/novy.jazzpiestany.sk\/?page_id=51"},"modified":"2018-07-03T09:21:33","modified_gmt":"2018-07-03T07:21:33","slug":"kontakt","status":"publish","type":"page","link":"http:\/\/www.jazzpiestany.sk\/?page_id=51","title":{"rendered":"KONTAKT"},"content":{"rendered":"<p>N\u00c1ZOV ORGANIZ\u00c1CIE: International jazz Pie\u0161\u0165any, n.o.<br \/>\nKONTAKT: M\u00e1ria Uva\u010dikov\u00e1<br \/>\nTEL: + 421 (0)917968818<br \/>\nMAIL: jazz@jazzpiestany.sk<br \/>\nULICA: Teplick\u00e1 39<br \/>\nPS\u010c a MESTO: 921 01 Pie\u0161\u0165any<br \/>\n\u0160T\u00c1T: Slovensk\u00e1 republika<br \/>\nI\u010cO: 37986864<br \/>\nPRAVN\u00c1 FORMA: ina pr\u00e1vna forma<\/p>\n","protected":false},"excerpt":{"rendered":"<p>N\u00c1ZOV ORGANIZ\u00c1CIE: International jazz Pie\u0161\u0165any, n.o. KONTAKT: M\u00e1ria Uva\u010dikov\u00e1 TEL: + 421 (0)917968818 MAIL: jazz@jazzpiestany.sk ULICA: Teplick\u00e1 39 PS\u010c a MESTO: 921 01 Pie\u0161\u0165any \u0160T\u00c1T: Slovensk\u00e1 republika I\u010cO: 37986864 PRAVN\u00c1 FORMA: ina pr\u00e1vna forma<\/p>\n","protected":false},"author":1,"featured_media":0,"parent":0,"menu_order":0,"comment_status":"closed","ping_status":"open","template":"","meta":{"ngg_post_thumbnail":0,"_s2mail":""},"_links":{"self":[{"href":"http:\/\/www.jazzpiestany.sk\/index.php?rest_route=\/wp\/v2\/pages\/51"}],"collection":[{"href":"http:\/\/www.jazzpiestany.sk\/index.php?rest_route=\/wp\/v2\/pages"}],"about":[{"href":"http:\/\/www.jazzpiestany.sk\/index.php?rest_route=\/wp\/v2\/types\/page"}],"author":[{"embeddable":true,"href":"http:\/\/www.jazzpiestany.sk\/index.php?rest_route=\/wp\/v2\/users\/1"}],"replies":[{"embeddable":true,"href":"http:\/\/www.jazzpiestany.sk\/index.php?rest_route=%2Fwp%2Fv2%2Fcomments&post=51"}],"version-history":[{"count":4,"href":"http:\/\/www.jazzpiestany.sk\/index.php?rest_route=\/wp\/v2\/pages\/51\/revisions"}],"predecessor-version":[{"id":3154,"href":"http:\/\/www.jazzpiestany.sk\/index.php?rest_route=\/wp\/v2\/pages\/51\/revisions\/3154"}],"wp:attachment":[{"href":"http:\/\/www.jazzpiestany.sk\/index.php?rest_route=%2Fwp%2Fv2%2Fmedia&parent=51"}],"curies":[{"name":"wp","href":"https:\/\/api.w.org\/{rel}","templated":true}]}}