{"id":2,"date":"2015-04-09T07:48:13","date_gmt":"2015-04-09T07:48:13","guid":{"rendered":"http:\/\/novy.jazzpiestany.sk\/?page_id=2"},"modified":"2019-01-31T12:53:29","modified_gmt":"2019-01-31T10:53:29","slug":"ukazka-strany","status":"publish","type":"page","link":"https:\/\/www.jazzpiestany.sk\/","title":{"rendered":"INTERNATIONAL JAZZ PIE\u0160\u0164ANY"},"content":{"rendered":"<p><script async=\"\" src=\"\/\/pagead2.googlesyndication.com\/pagead\/js\/adsbygoogle.js\"><\/script><br \/>\n<!-- jazz --><br \/>\n<ins class=\"adsbygoogle\" style=\"display: inline-block; width: 728px; height: 90px;\" data-ad-client=\"ca-pub-5569703858689697\" data-ad-slot=\"9050152817\"><\/ins><br \/>\n<script><br \/>\n(adsbygoogle = window.adsbygoogle || []).push({});<br \/>\n<\/script><\/p>\n<h3>V\u00edtajte na&nbsp; str\u00e1nkach International Jazz Pie\u0161\u0165any<\/h3>\n<h3><span style=\"text-decoration: underline;\">Pripravujeme:<\/span><\/h3>\n<h2>Ka\u017ed\u00fd pondelok o 19.30 hod. v La Musica Jam Session &#8211; Live jazz<\/h2>\n<section class=\"post-meta fix post-nothumb media\">\n<section class=\"bd post-header fix\">\n<section class=\"bd post-title-section fix\">\n<hgroup class=\"post-title fix\"><\/hgroup>\n<\/section>\n<\/section>\n<\/section>\n<h4>1.2.2019 o 19.30 hod.<\/h4>\n<h3>Blue Note Jazz Band<\/h3>\n<p>Live Jazz koncert<\/p>\n<hr>\n<h4>14.2.2019 o 19.30 hod.<\/h4>\n<h3>D\u00e1\u0161a Libiakov\u00e1 &amp; Ondrej Botek<\/h3>\n<p>Live Jazz koncert<\/p>\n<hr>\n<h4>14.2.2019 o 19.30 hod.<\/h4>\n<h3>The Grand Buffet Peter Lipa Jr.<\/h3>\n<p>Live Jazz koncert<\/p>\n","protected":false},"excerpt":{"rendered":"<p>V\u00edtajte na&nbsp; str\u00e1nkach International Jazz Pie\u0161\u0165any Pripravujeme: Ka\u017ed\u00fd pondelok o 19.30 hod. v La Musica Jam Session &#8211; Live jazz 1.2.2019 o 19.30 hod. Blue Note Jazz Band Live Jazz koncert 14.2.2019 o 19.30 hod. D\u00e1\u0161a Libiakov\u00e1 &amp; Ondrej Botek&#8230;<br \/><a class=\"read-more-button\" href=\"https:\/\/www.jazzpiestany.sk\/\">Read more<\/a><\/p>\n","protected":false},"author":1,"featured_media":0,"parent":0,"menu_order":0,"comment_status":"closed","ping_status":"open","template":"","meta":{"ngg_post_thumbnail":0,"_s2mail":"yes"},"_links":{"self":[{"href":"https:\/\/www.jazzpiestany.sk\/index.php?rest_route=\/wp\/v2\/pages\/2"}],"collection":[{"href":"https:\/\/www.jazzpiestany.sk\/index.php?rest_route=\/wp\/v2\/pages"}],"about":[{"href":"https:\/\/www.jazzpiestany.sk\/index.php?rest_route=\/wp\/v2\/types\/page"}],"author":[{"embeddable":true,"href":"https:\/\/www.jazzpiestany.sk\/index.php?rest_route=\/wp\/v2\/users\/1"}],"replies":[{"embeddable":true,"href":"https:\/\/www.jazzpiestany.sk\/index.php?rest_route=%2Fwp%2Fv2%2Fcomments&post=2"}],"version-history":[{"count":222,"href":"https:\/\/www.jazzpiestany.sk\/index.php?rest_route=\/wp\/v2\/pages\/2\/revisions"}],"predecessor-version":[{"id":3353,"href":"https:\/\/www.jazzpiestany.sk\/index.php?rest_route=\/wp\/v2\/pages\/2\/revisions\/3353"}],"wp:attachment":[{"href":"https:\/\/www.jazzpiestany.sk\/index.php?rest_route=%2Fwp%2Fv2%2Fmedia&parent=2"}],"curies":[{"name":"wp","href":"https:\/\/api.w.org\/{rel}","templated":true}]}}